{"id":240,"date":"2019-07-04T16:10:25","date_gmt":"2019-07-04T19:10:25","guid":{"rendered":"http:\/\/www.partnerspublishers.com.br\/?page_id=240"},"modified":"2019-09-09T11:38:40","modified_gmt":"2019-09-09T14:38:40","slug":"noticias","status":"publish","type":"page","link":"https:\/\/www.partnerspublishers.com.br\/es\/noticias\/","title":{"rendered":"Noticias"},"content":{"rendered":"<div data-elementor-type=\"wp-page\" data-elementor-id=\"240\" class=\"elementor elementor-240\" data-elementor-settings=\"[]\">\n\t\t\t\t\t\t<div class=\"elementor-inner\">\n\t\t\t\t\t\t\t<div class=\"elementor-section-wrap\">\n\t\t\t\t\t\t\t<section class=\"elementor-section elementor-top-section elementor-element elementor-element-9e7a9e4 elementor-section-stretched elementor-section-full_width elementor-section-height-default elementor-section-height-default\" data-id=\"9e7a9e4\" data-element_type=\"section\" data-settings=\"{&quot;stretch_section&quot;:&quot;section-stretched&quot;,&quot;background_background&quot;:&quot;classic&quot;,&quot;sticky&quot;:&quot;top&quot;,&quot;sticky_on&quot;:[&quot;desktop&quot;,&quot;tablet&quot;,&quot;mobile&quot;],&quot;sticky_offset&quot;:0,&quot;sticky_effects_offset&quot;:0}\">\n\t\t\t\t\t\t<div class=\"elementor-container elementor-column-gap-narrow\">\n\t\t\t\t\t\t\t<div class=\"elementor-row\">\n\t\t\t\t\t<div class=\"elementor-column elementor-col-100 elementor-top-column elementor-element elementor-element-48c25ce\" data-id=\"48c25ce\" data-element_type=\"column\">\n\t\t\t<div class=\"elementor-column-wrap elementor-element-populated\">\n\t\t\t\t\t\t\t<div class=\"elementor-widget-wrap\">\n\t\t\t\t\t\t<div class=\"elementor-element elementor-element-b0d35e5 elementor-widget elementor-widget-html\" data-id=\"b0d35e5\" data-element_type=\"widget\" data-widget_type=\"html.default\">\n\t\t\t\t<div class=\"elementor-widget-container\">\n\t\t\t<!-- Global site tag (gtag.js) - Google Analytics -->\r\n<script type=\"text\/javascript\" async src=\"https:\/\/www.googletagmanager.com\/gtag\/js?id=UA-107544126-3\"><\/script>\r\n<script type=\"text\/javascript\">\r\n  window.dataLayer = window.dataLayer || [];\r\n  function gtag() {dataLayer.push(arguments);}\r\n  gtag('js', new Date());\r\n  \r\n  gtag('config', 'UA-107544126-3');\r\n<\/script>\t\t<\/div>\n\t\t\t\t<\/div>\n\t\t\t\t\t\t<\/div>\n\t\t\t\t\t<\/div>\n\t\t<\/div>\n\t\t\t\t\t\t\t\t<\/div>\n\t\t\t\t\t<\/div>\n\t\t<\/section>\n\t\t\t\t<section class=\"elementor-section elementor-top-section elementor-element elementor-element-fe31591 elementor-section-stretched elementor-section-full_width elementor-hidden-tablet elementor-hidden-phone elementor-section-height-default elementor-section-height-default\" data-id=\"fe31591\" data-element_type=\"section\" data-settings=\"{&quot;stretch_section&quot;:&quot;section-stretched&quot;,&quot;sticky&quot;:&quot;top&quot;,&quot;background_background&quot;:&quot;classic&quot;,&quot;sticky_effects_offset&quot;:50,&quot;sticky_offset&quot;:34,&quot;sticky_on&quot;:[&quot;desktop&quot;,&quot;tablet&quot;,&quot;mobile&quot;]}\">\n\t\t\t\t\t\t\t<div class=\"elementor-background-overlay\"><\/div>\n\t\t\t\t\t\t\t<div class=\"elementor-container elementor-column-gap-no\">\n\t\t\t\t\t\t\t<div class=\"elementor-row\">\n\t\t\t\t\t<div class=\"elementor-column elementor-col-100 elementor-top-column elementor-element elementor-element-4c0eac0\" data-id=\"4c0eac0\" data-element_type=\"column\">\n\t\t\t<div class=\"elementor-column-wrap elementor-element-populated\">\n\t\t\t\t\t\t\t<div class=\"elementor-widget-wrap\">\n\t\t\t\t\t\t<section class=\"elementor-section elementor-inner-section elementor-element elementor-element-edeb5cb elementor-section-full_width elementor-section-height-default elementor-section-height-default\" data-id=\"edeb5cb\" data-element_type=\"section\">\n\t\t\t\t\t\t<div class=\"elementor-container elementor-column-gap-no\">\n\t\t\t\t\t\t\t<div class=\"elementor-row\">\n\t\t\t\t\t<div class=\"elementor-column elementor-col-50 elementor-inner-column elementor-element elementor-element-5dd7bff\" data-id=\"5dd7bff\" data-element_type=\"column\">\n\t\t\t<div class=\"elementor-column-wrap elementor-element-populated\">\n\t\t\t\t\t\t\t<div class=\"elementor-widget-wrap\">\n\t\t\t\t\t\t<div class=\"elementor-element elementor-element-a6ddf02 logo-1 elementor-widget elementor-widget-image\" data-id=\"a6ddf02\" data-element_type=\"widget\" data-widget_type=\"image.default\">\n\t\t\t\t<div class=\"elementor-widget-container\">\n\t\t\t\t\t<div class=\"elementor-image\">\n\t\t\t\t\t\t\t\t\t\t\t<a href=\"\/es\/\">\n\t\t\t\t\t\t\t<img width=\"692\" height=\"153\" src=\"https:\/\/www.partnerspublishers.com.br\/wp-content\/uploads\/2019\/08\/logo-2.png\" class=\"attachment-full size-full\" alt=\"\" loading=\"lazy\" srcset=\"https:\/\/www.partnerspublishers.com.br\/wp-content\/uploads\/2019\/08\/logo-2.png 692w, https:\/\/www.partnerspublishers.com.br\/wp-content\/uploads\/2019\/08\/logo-2-300x66.png 300w\" sizes=\"(max-width: 692px) 100vw, 692px\" \/>\t\t\t\t\t\t\t\t<\/a>\n\t\t\t\t\t\t\t\t\t\t\t<\/div>\n\t\t\t\t<\/div>\n\t\t\t\t<\/div>\n\t\t\t\t\t\t<\/div>\n\t\t\t\t\t<\/div>\n\t\t<\/div>\n\t\t\t\t<div class=\"elementor-column elementor-col-50 elementor-inner-column elementor-element elementor-element-959946d\" data-id=\"959946d\" data-element_type=\"column\">\n\t\t\t<div class=\"elementor-column-wrap elementor-element-populated\">\n\t\t\t\t\t\t\t<div class=\"elementor-widget-wrap\">\n\t\t\t\t\t\t<div class=\"elementor-element elementor-element-fc4a259 elementor-nav-menu__align-right elementor-nav-menu--indicator-classic elementor-nav-menu--dropdown-tablet elementor-nav-menu__text-align-aside elementor-nav-menu--toggle elementor-nav-menu--burger elementor-widget elementor-widget-nav-menu\" data-id=\"fc4a259\" data-element_type=\"widget\" data-settings=\"{&quot;layout&quot;:&quot;horizontal&quot;,&quot;toggle&quot;:&quot;burger&quot;}\" data-widget_type=\"nav-menu.default\">\n\t\t\t\t<div class=\"elementor-widget-container\">\n\t\t\t\t\t\t<nav role=\"navigation\" class=\"elementor-nav-menu--main elementor-nav-menu__container elementor-nav-menu--layout-horizontal e--pointer-underline e--animation-slide\"><ul id=\"menu-1-fc4a259\" class=\"elementor-nav-menu\"><li class=\"menu-item menu-item-type-custom menu-item-object-custom menu-item-84\"><a href=\"https:\/\/www.partnerspublishers.com.br\/es\/\" class=\"elementor-item elementor-item-anchor\">Home<\/a><\/li>\n<li class=\"menu-item menu-item-type-custom menu-item-object-custom menu-item-85\"><a href=\"https:\/\/www.partnerspublishers.com.br\/es\/\" class=\"elementor-item elementor-item-anchor\">Contenido multiplataforma<\/a><\/li>\n<li class=\"menu-item menu-item-type-custom menu-item-object-custom menu-item-86\"><a href=\"https:\/\/www.partnerspublishers.com.br\/es\/\" class=\"elementor-item elementor-item-anchor\">Que hacemos<\/a><\/li>\n<li class=\"menu-item menu-item-type-custom menu-item-object-custom menu-item-87\"><a href=\"https:\/\/www.partnerspublishers.com.br\/es\/\" class=\"elementor-item elementor-item-anchor\">Servicios<\/a><\/li>\n<li class=\"menu-item menu-item-type-custom menu-item-object-custom menu-item-88\"><a href=\"https:\/\/www.partnerspublishers.com.br\/es\/\" class=\"elementor-item elementor-item-anchor\">Alianza internacional<\/a><\/li>\n<li class=\"menu-item menu-item-type-custom menu-item-object-custom menu-item-484\"><a href=\"https:\/\/www.partnerspublishers.com.br\/es\/\" class=\"elementor-item elementor-item-anchor\">Videos<\/a><\/li>\n<li class=\"menu-item menu-item-type-custom menu-item-object-custom menu-item-89\"><a href=\"https:\/\/www.partnerspublishers.com.br\/es\/\" class=\"elementor-item elementor-item-anchor\">Noticias<\/a><\/li>\n<li class=\"menu-item menu-item-type-custom menu-item-object-custom menu-item-90\"><a href=\"https:\/\/www.partnerspublishers.com.br\/es\/\" class=\"elementor-item elementor-item-anchor\">Contacto<\/a><\/li>\n<\/ul><\/nav>\n\t\t\t\t\t<div class=\"elementor-menu-toggle\" role=\"button\" tabindex=\"0\" aria-label=\"Menu Toggle\" aria-expanded=\"false\">\n\t\t\t<i class=\"eicon-menu-bar\" aria-hidden=\"true\"><\/i>\n\t\t\t<span class=\"elementor-screen-only\">Men\u00fa<\/span>\n\t\t<\/div>\n\t\t\t<nav class=\"elementor-nav-menu--dropdown elementor-nav-menu__container\" role=\"navigation\" aria-hidden=\"true\"><ul id=\"menu-2-fc4a259\" class=\"elementor-nav-menu\"><li class=\"menu-item menu-item-type-custom menu-item-object-custom menu-item-84\"><a href=\"https:\/\/www.partnerspublishers.com.br\/es\/\" class=\"elementor-item elementor-item-anchor\">Home<\/a><\/li>\n<li class=\"menu-item menu-item-type-custom menu-item-object-custom menu-item-85\"><a href=\"https:\/\/www.partnerspublishers.com.br\/es\/\" class=\"elementor-item elementor-item-anchor\">Contenido multiplataforma<\/a><\/li>\n<li class=\"menu-item menu-item-type-custom menu-item-object-custom menu-item-86\"><a href=\"https:\/\/www.partnerspublishers.com.br\/es\/\" class=\"elementor-item elementor-item-anchor\">Que hacemos<\/a><\/li>\n<li class=\"menu-item menu-item-type-custom menu-item-object-custom menu-item-87\"><a href=\"https:\/\/www.partnerspublishers.com.br\/es\/\" class=\"elementor-item elementor-item-anchor\">Servicios<\/a><\/li>\n<li class=\"menu-item menu-item-type-custom menu-item-object-custom menu-item-88\"><a href=\"https:\/\/www.partnerspublishers.com.br\/es\/\" class=\"elementor-item elementor-item-anchor\">Alianza internacional<\/a><\/li>\n<li class=\"menu-item menu-item-type-custom menu-item-object-custom menu-item-484\"><a href=\"https:\/\/www.partnerspublishers.com.br\/es\/\" class=\"elementor-item elementor-item-anchor\">Videos<\/a><\/li>\n<li class=\"menu-item menu-item-type-custom menu-item-object-custom menu-item-89\"><a href=\"https:\/\/www.partnerspublishers.com.br\/es\/\" class=\"elementor-item elementor-item-anchor\">Noticias<\/a><\/li>\n<li class=\"menu-item menu-item-type-custom menu-item-object-custom menu-item-90\"><a href=\"https:\/\/www.partnerspublishers.com.br\/es\/\" class=\"elementor-item elementor-item-anchor\">Contacto<\/a><\/li>\n<\/ul><\/nav>\n\t\t\t\t<\/div>\n\t\t\t\t<\/div>\n\t\t\t\t\t\t<\/div>\n\t\t\t\t\t<\/div>\n\t\t<\/div>\n\t\t\t\t\t\t\t\t<\/div>\n\t\t\t\t\t<\/div>\n\t\t<\/section>\n\t\t\t\t\t\t<\/div>\n\t\t\t\t\t<\/div>\n\t\t<\/div>\n\t\t\t\t\t\t\t\t<\/div>\n\t\t\t\t\t<\/div>\n\t\t<\/section>\n\t\t\t\t<section class=\"elementor-section elementor-top-section elementor-element elementor-element-a3f0415 elementor-section-stretched elementor-section-full_width elementor-hidden-desktop elementor-section-height-default elementor-section-height-default\" data-id=\"a3f0415\" data-element_type=\"section\" data-settings=\"{&quot;stretch_section&quot;:&quot;section-stretched&quot;,&quot;sticky&quot;:&quot;top&quot;,&quot;background_background&quot;:&quot;classic&quot;,&quot;sticky_effects_offset&quot;:100,&quot;sticky_offset&quot;:34,&quot;sticky_on&quot;:[&quot;desktop&quot;,&quot;tablet&quot;,&quot;mobile&quot;]}\">\n\t\t\t\t\t\t\t<div class=\"elementor-background-overlay\"><\/div>\n\t\t\t\t\t\t\t<div class=\"elementor-container elementor-column-gap-no\">\n\t\t\t\t\t\t\t<div class=\"elementor-row\">\n\t\t\t\t\t<div class=\"elementor-column elementor-col-100 elementor-top-column elementor-element elementor-element-7b3b4c1\" data-id=\"7b3b4c1\" data-element_type=\"column\">\n\t\t\t<div class=\"elementor-column-wrap elementor-element-populated\">\n\t\t\t\t\t\t\t<div class=\"elementor-widget-wrap\">\n\t\t\t\t\t\t<section class=\"elementor-section elementor-inner-section elementor-element elementor-element-7672b15 elementor-section-full_width elementor-section-height-default elementor-section-height-default\" data-id=\"7672b15\" data-element_type=\"section\">\n\t\t\t\t\t\t<div class=\"elementor-container elementor-column-gap-no\">\n\t\t\t\t\t\t\t<div class=\"elementor-row\">\n\t\t\t\t\t<div class=\"elementor-column elementor-col-50 elementor-inner-column elementor-element elementor-element-09e1fe0\" data-id=\"09e1fe0\" data-element_type=\"column\">\n\t\t\t<div class=\"elementor-column-wrap elementor-element-populated\">\n\t\t\t\t\t\t\t<div class=\"elementor-widget-wrap\">\n\t\t\t\t\t\t<div class=\"elementor-element elementor-element-e2967d3 logo-1 elementor-widget elementor-widget-image\" data-id=\"e2967d3\" data-element_type=\"widget\" data-widget_type=\"image.default\">\n\t\t\t\t<div class=\"elementor-widget-container\">\n\t\t\t\t\t<div class=\"elementor-image\">\n\t\t\t\t\t\t\t\t\t\t\t<a href=\"\/es\/\">\n\t\t\t\t\t\t\t<img width=\"692\" height=\"153\" src=\"https:\/\/www.partnerspublishers.com.br\/wp-content\/uploads\/2019\/08\/logo-2.png\" class=\"attachment-full size-full\" alt=\"\" loading=\"lazy\" srcset=\"https:\/\/www.partnerspublishers.com.br\/wp-content\/uploads\/2019\/08\/logo-2.png 692w, https:\/\/www.partnerspublishers.com.br\/wp-content\/uploads\/2019\/08\/logo-2-300x66.png 300w\" sizes=\"(max-width: 692px) 100vw, 692px\" \/>\t\t\t\t\t\t\t\t<\/a>\n\t\t\t\t\t\t\t\t\t\t\t<\/div>\n\t\t\t\t<\/div>\n\t\t\t\t<\/div>\n\t\t\t\t\t\t<\/div>\n\t\t\t\t\t<\/div>\n\t\t<\/div>\n\t\t\t\t<div class=\"elementor-column elementor-col-50 elementor-inner-column elementor-element elementor-element-78bf93a\" data-id=\"78bf93a\" data-element_type=\"column\">\n\t\t\t<div class=\"elementor-column-wrap elementor-element-populated\">\n\t\t\t\t\t\t\t<div class=\"elementor-widget-wrap\">\n\t\t\t\t\t\t<div class=\"elementor-element elementor-element-8bf24b7 jet-nav-align-flex-start elementor-widget elementor-widget-jet-nav-menu\" data-id=\"8bf24b7\" data-element_type=\"widget\" data-widget_type=\"jet-nav-menu.default\">\n\t\t\t\t<div class=\"elementor-widget-container\">\n\t\t\t<div class=\"jet-nav-wrap jet-mobile-menu jet-mobile-menu--left-side\" data-mobile-layout=\"left-side\">\n<div class=\"jet-nav__mobile-trigger jet-nav-mobile-trigger-align-left\">\n\t<span class=\"jet-nav__mobile-trigger-open jet-blocks-icon\"><i aria-hidden=\"true\" class=\"fas fa-bars\"><\/i><\/span>\t<span class=\"jet-nav__mobile-trigger-close jet-blocks-icon\"><i aria-hidden=\"true\" class=\"fas fa-times\"><\/i><\/span><\/div><div class=\"menu-menu-topo-container\"><div class=\"jet-nav jet-nav--horizontal\"><div class=\"menu-item menu-item-type-custom menu-item-object-custom jet-nav__item-84 jet-nav__item\"><a href=\"https:\/\/www.partnerspublishers.com.br\/es\/\" class=\"menu-item-link menu-item-link-depth-0 menu-item-link-top\"><span class=\"jet-nav-link-text\">Home<\/span><\/a><\/div>\n<div class=\"menu-item menu-item-type-custom menu-item-object-custom jet-nav__item-85 jet-nav__item\"><a href=\"https:\/\/www.partnerspublishers.com.br\/es\/\" class=\"menu-item-link menu-item-link-depth-0 menu-item-link-top\"><span class=\"jet-nav-link-text\">Contenido multiplataforma<\/span><\/a><\/div>\n<div class=\"menu-item menu-item-type-custom menu-item-object-custom jet-nav__item-86 jet-nav__item\"><a href=\"https:\/\/www.partnerspublishers.com.br\/es\/\" class=\"menu-item-link menu-item-link-depth-0 menu-item-link-top\"><span class=\"jet-nav-link-text\">Que hacemos<\/span><\/a><\/div>\n<div class=\"menu-item menu-item-type-custom menu-item-object-custom jet-nav__item-87 jet-nav__item\"><a href=\"https:\/\/www.partnerspublishers.com.br\/es\/\" class=\"menu-item-link menu-item-link-depth-0 menu-item-link-top\"><span class=\"jet-nav-link-text\">Servicios<\/span><\/a><\/div>\n<div class=\"menu-item menu-item-type-custom menu-item-object-custom jet-nav__item-88 jet-nav__item\"><a href=\"https:\/\/www.partnerspublishers.com.br\/es\/\" class=\"menu-item-link menu-item-link-depth-0 menu-item-link-top\"><span class=\"jet-nav-link-text\">Alianza internacional<\/span><\/a><\/div>\n<div class=\"menu-item menu-item-type-custom menu-item-object-custom jet-nav__item-484 jet-nav__item\"><a href=\"https:\/\/www.partnerspublishers.com.br\/es\/\" class=\"menu-item-link menu-item-link-depth-0 menu-item-link-top\"><span class=\"jet-nav-link-text\">Videos<\/span><\/a><\/div>\n<div class=\"menu-item menu-item-type-custom menu-item-object-custom jet-nav__item-89 jet-nav__item\"><a href=\"https:\/\/www.partnerspublishers.com.br\/es\/\" class=\"menu-item-link menu-item-link-depth-0 menu-item-link-top\"><span class=\"jet-nav-link-text\">Noticias<\/span><\/a><\/div>\n<div class=\"menu-item menu-item-type-custom menu-item-object-custom jet-nav__item-90 jet-nav__item\"><a href=\"https:\/\/www.partnerspublishers.com.br\/es\/\" class=\"menu-item-link menu-item-link-depth-0 menu-item-link-top\"><span class=\"jet-nav-link-text\">Contacto<\/span><\/a><\/div>\n<div class=\"jet-nav__mobile-close-btn jet-blocks-icon\"><i aria-hidden=\"true\" class=\"fas fa-times\"><\/i><\/div><\/div><\/div><\/div>\t\t<\/div>\n\t\t\t\t<\/div>\n\t\t\t\t\t\t<\/div>\n\t\t\t\t\t<\/div>\n\t\t<\/div>\n\t\t\t\t\t\t\t\t<\/div>\n\t\t\t\t\t<\/div>\n\t\t<\/section>\n\t\t\t\t\t\t<\/div>\n\t\t\t\t\t<\/div>\n\t\t<\/div>\n\t\t\t\t\t\t\t\t<\/div>\n\t\t\t\t\t<\/div>\n\t\t<\/section>\n\t\t\t\t<section class=\"elementor-section elementor-top-section elementor-element elementor-element-2184863 elementor-section-stretched elementor-section-boxed elementor-section-height-default elementor-section-height-default\" data-id=\"2184863\" data-element_type=\"section\" data-settings=\"{&quot;stretch_section&quot;:&quot;section-stretched&quot;,&quot;shape_divider_bottom&quot;:&quot;tilt&quot;}\">\n\t\t\t\t\t<div class=\"elementor-shape elementor-shape-bottom\" data-negative=\"false\">\n\t\t\t<svg xmlns=\"http:\/\/www.w3.org\/2000\/svg\" viewbox=\"0 0 1000 100\" preserveaspectratio=\"none\">\n\t<path class=\"elementor-shape-fill\" d=\"M0,6V0h1000v100L0,6z\"\/>\n<\/svg>\t\t<\/div>\n\t\t\t\t\t<div class=\"elementor-container elementor-column-gap-no\">\n\t\t\t\t\t\t\t<div class=\"elementor-row\">\n\t\t\t\t\t<div class=\"elementor-column elementor-col-100 elementor-top-column elementor-element elementor-element-1def3a5\" data-id=\"1def3a5\" data-element_type=\"column\">\n\t\t\t<div class=\"elementor-column-wrap elementor-element-populated\">\n\t\t\t\t\t\t\t<div class=\"elementor-widget-wrap\">\n\t\t\t\t\t\t<section class=\"elementor-section elementor-inner-section elementor-element elementor-element-fff0b0b elementor-section-boxed elementor-section-height-default elementor-section-height-default\" data-id=\"fff0b0b\" data-element_type=\"section\">\n\t\t\t\t\t\t<div class=\"elementor-container elementor-column-gap-default\">\n\t\t\t\t\t\t\t<div class=\"elementor-row\">\n\t\t\t\t\t<div class=\"elementor-column elementor-col-100 elementor-inner-column elementor-element elementor-element-918a151\" data-id=\"918a151\" data-element_type=\"column\">\n\t\t\t<div class=\"elementor-column-wrap elementor-element-populated\">\n\t\t\t\t\t\t\t<div class=\"elementor-widget-wrap\">\n\t\t\t\t\t\t<div class=\"elementor-element elementor-element-c027898 elementor-widget elementor-widget-heading\" data-id=\"c027898\" data-element_type=\"widget\" data-widget_type=\"heading.default\">\n\t\t\t\t<div class=\"elementor-widget-container\">\n\t\t\t<h2 class=\"elementor-heading-title elementor-size-default\">Noticias<\/h2>\t\t<\/div>\n\t\t\t\t<\/div>\n\t\t\t\t<div class=\"elementor-element elementor-element-23e3362 elementor-widget elementor-widget-heading\" data-id=\"23e3362\" data-element_type=\"widget\" data-widget_type=\"heading.default\">\n\t\t\t\t<div class=\"elementor-widget-container\">\n\t\t\t<p class=\"elementor-heading-title elementor-size-default\">Noticias en tiempo real por PR Newswire<\/p>\t\t<\/div>\n\t\t\t\t<\/div>\n\t\t\t\t\t\t<\/div>\n\t\t\t\t\t<\/div>\n\t\t<\/div>\n\t\t\t\t\t\t\t\t<\/div>\n\t\t\t\t\t<\/div>\n\t\t<\/section>\n\t\t\t\t<div class=\"elementor-element elementor-element-72ee54f elementor-widget elementor-widget-html\" data-id=\"72ee54f\" data-element_type=\"widget\" data-widget_type=\"html.default\">\n\t\t\t\t<div class=\"elementor-widget-container\">\n\t\t\t<!-- PR Newswire Widget Code Starts Here -->\r\n<script type=\"text\/javascript\">\r\nvar _wsc = document.createElement('script');\r\n_wsc.src = \"\/\/tools.prnewswire.com\/pt\/live\/13776\/landing.js\";\r\ndocument.getElementsByTagName('Head')[0].appendChild(_wsc);\r\n<\/script>\r\n<div id=\"w13776_landing\"><\/div>\r\n<!-- PR Newswire Widget Code Ends Here -->\t\t<\/div>\n\t\t\t\t<\/div>\n\t\t\t\t\t\t<\/div>\n\t\t\t\t\t<\/div>\n\t\t<\/div>\n\t\t\t\t\t\t\t\t<\/div>\n\t\t\t\t\t<\/div>\n\t\t<\/section>\n\t\t\t\t<section class=\"elementor-section elementor-top-section elementor-element elementor-element-51c58bc3 elementor-section-stretched elementor-section-full_width elementor-section-height-default elementor-section-height-default\" data-id=\"51c58bc3\" data-element_type=\"section\" data-settings=\"{&quot;stretch_section&quot;:&quot;section-stretched&quot;,&quot;background_background&quot;:&quot;classic&quot;}\">\n\t\t\t\t\t\t<div class=\"elementor-container elementor-column-gap-default\">\n\t\t\t\t\t\t\t<div class=\"elementor-row\">\n\t\t\t\t\t<div class=\"elementor-column elementor-col-100 elementor-top-column elementor-element elementor-element-b6d763f\" data-id=\"b6d763f\" data-element_type=\"column\">\n\t\t\t<div class=\"elementor-column-wrap elementor-element-populated\">\n\t\t\t\t\t\t\t<div class=\"elementor-widget-wrap\">\n\t\t\t\t\t\t<div class=\"elementor-element elementor-element-16f42d45 elementor-widget elementor-widget-image\" data-id=\"16f42d45\" data-element_type=\"widget\" data-widget_type=\"image.default\">\n\t\t\t\t<div class=\"elementor-widget-container\">\n\t\t\t\t\t<div class=\"elementor-image\">\n\t\t\t\t\t\t\t\t\t\t<img width=\"300\" height=\"66\" src=\"https:\/\/www.partnerspublishers.com.br\/wp-content\/uploads\/2019\/08\/logo-footer-300x66.png\" class=\"attachment-medium size-medium\" alt=\"\" loading=\"lazy\" srcset=\"https:\/\/www.partnerspublishers.com.br\/wp-content\/uploads\/2019\/08\/logo-footer-300x66.png 300w, https:\/\/www.partnerspublishers.com.br\/wp-content\/uploads\/2019\/08\/logo-footer.png 692w\" sizes=\"(max-width: 300px) 100vw, 300px\" \/>\t\t\t\t\t\t\t\t\t\t\t<\/div>\n\t\t\t\t<\/div>\n\t\t\t\t<\/div>\n\t\t\t\t<div class=\"elementor-element elementor-element-2f24b8f4 elementor-shape-circle elementor-grid-0 e-grid-align-center elementor-widget elementor-widget-social-icons\" data-id=\"2f24b8f4\" data-element_type=\"widget\" data-widget_type=\"social-icons.default\">\n\t\t\t\t<div class=\"elementor-widget-container\">\n\t\t\t\t\t<div class=\"elementor-social-icons-wrapper elementor-grid\">\n\t\t\t\t\t\t\t<div class=\"elementor-grid-item\">\n\t\t\t\t\t<a class=\"elementor-icon elementor-social-icon elementor-social-icon-facebook-f elementor-repeater-item-4185fff\" href=\"https:\/\/www.facebook.com\/partnerspublishers\" target=\"_blank\">\n\t\t\t\t\t\t<span class=\"elementor-screen-only\">Facebook-f<\/span>\n\t\t\t\t\t\t<i class=\"fab fa-facebook-f\"><\/i>\t\t\t\t\t<\/a>\n\t\t\t\t<\/div>\n\t\t\t\t\t\t\t<div class=\"elementor-grid-item\">\n\t\t\t\t\t<a class=\"elementor-icon elementor-social-icon elementor-social-icon-linkedin-in elementor-repeater-item-64bdb6b\" href=\"https:\/\/www.linkedin.com\/company\/10673308\" target=\"_blank\">\n\t\t\t\t\t\t<span class=\"elementor-screen-only\">Linkedin-in<\/span>\n\t\t\t\t\t\t<i class=\"fab fa-linkedin-in\"><\/i>\t\t\t\t\t<\/a>\n\t\t\t\t<\/div>\n\t\t\t\t\t\t\t<div class=\"elementor-grid-item\">\n\t\t\t\t\t<a class=\"elementor-icon elementor-social-icon elementor-social-icon-youtube elementor-repeater-item-31f187b\" href=\"https:\/\/www.youtube.com\/channel\/UClbQyTo_ZwB8LwJ-AvTqOow\" target=\"_blank\">\n\t\t\t\t\t\t<span class=\"elementor-screen-only\">Youtube<\/span>\n\t\t\t\t\t\t<i class=\"fab fa-youtube\"><\/i>\t\t\t\t\t<\/a>\n\t\t\t\t<\/div>\n\t\t\t\t\t<\/div>\n\t\t\t\t<\/div>\n\t\t\t\t<\/div>\n\t\t\t\t\t\t<\/div>\n\t\t\t\t\t<\/div>\n\t\t<\/div>\n\t\t\t\t\t\t\t\t<\/div>\n\t\t\t\t\t<\/div>\n\t\t<\/section>\n\t\t\t\t<section class=\"elementor-section elementor-top-section elementor-element elementor-element-7157426e elementor-section-stretched elementor-section-full_width elementor-section-height-default elementor-section-height-default\" data-id=\"7157426e\" data-element_type=\"section\" data-settings=\"{&quot;stretch_section&quot;:&quot;section-stretched&quot;,&quot;background_background&quot;:&quot;classic&quot;}\">\n\t\t\t\t\t\t<div class=\"elementor-container elementor-column-gap-default\">\n\t\t\t\t\t\t\t<div class=\"elementor-row\">\n\t\t\t\t\t<div class=\"elementor-column elementor-col-100 elementor-top-column elementor-element elementor-element-61795251\" data-id=\"61795251\" data-element_type=\"column\">\n\t\t\t<div class=\"elementor-column-wrap elementor-element-populated\">\n\t\t\t\t\t\t\t<div class=\"elementor-widget-wrap\">\n\t\t\t\t\t\t<div class=\"elementor-element elementor-element-6c8f2c3d elementor-widget elementor-widget-heading\" data-id=\"6c8f2c3d\" data-element_type=\"widget\" data-widget_type=\"heading.default\">\n\t\t\t\t<div class=\"elementor-widget-container\">\n\t\t\t<p class=\"elementor-heading-title elementor-size-default translation-block\">\u00a9 2026 Partners Publishers. Todos los derechos reservados. <a href=\"\/politica-de-privacidade\" target=\"_self\">Pol\u00edtica de privacidad<\/a><\/p>\t\t<\/div>\n\t\t\t\t<\/div>\n\t\t\t\t\t\t<\/div>\n\t\t\t\t\t<\/div>\n\t\t<\/div>\n\t\t\t\t\t\t\t\t<\/div>\n\t\t\t\t\t<\/div>\n\t\t<\/section>\n\t\t\t\t\t\t<\/div>\n\t\t\t\t\t\t<\/div>\n\t\t\t\t\t<\/div>","protected":false},"excerpt":{"rendered":"<p>Home Conte\u00fado multiplataforma O que fazemos Servi\u00e7os Parceria internacional V\u00eddeos Not\u00edcias Contato Not\u00edcias Not\u00edcias em tempo real por PR Newswire Facebook-f Linkedin-in Youtube \u00a9 Partners Publishers. Todos os direitos reservados. Pol\u00edtica de Privacidade<\/p>","protected":false},"author":1,"featured_media":0,"parent":0,"menu_order":0,"comment_status":"closed","ping_status":"closed","template":"elementor_canvas","meta":[],"_links":{"self":[{"href":"https:\/\/www.partnerspublishers.com.br\/es\/wp-json\/wp\/v2\/pages\/240"}],"collection":[{"href":"https:\/\/www.partnerspublishers.com.br\/es\/wp-json\/wp\/v2\/pages"}],"about":[{"href":"https:\/\/www.partnerspublishers.com.br\/es\/wp-json\/wp\/v2\/types\/page"}],"author":[{"embeddable":true,"href":"https:\/\/www.partnerspublishers.com.br\/es\/wp-json\/wp\/v2\/users\/1"}],"replies":[{"embeddable":true,"href":"https:\/\/www.partnerspublishers.com.br\/es\/wp-json\/wp\/v2\/comments?post=240"}],"version-history":[{"count":0,"href":"https:\/\/www.partnerspublishers.com.br\/es\/wp-json\/wp\/v2\/pages\/240\/revisions"}],"wp:attachment":[{"href":"https:\/\/www.partnerspublishers.com.br\/es\/wp-json\/wp\/v2\/media?parent=240"}],"curies":[{"name":"wp","href":"https:\/\/api.w.org\/{rel}","templated":true}]}}